{"id":41,"date":"2016-12-01T12:00:01","date_gmt":"2016-12-01T10:00:01","guid":{"rendered":"http:\/\/www.vaajakoskentera.com\/paviljonginpamaus2014\/?page_id=41"},"modified":"2019-12-31T16:22:31","modified_gmt":"2019-12-31T14:22:31","slug":"ilmoittautuminen","status":"publish","type":"page","link":"https:\/\/www.vaajakoskentera.com\/paviljonginpamaus\/ilmoittautuminen\/","title":{"rendered":"Ilmoittautuminen"},"content":{"rendered":"<p>Ennakkoilmoittautuminen on nyt suljettu. Mukaan p\u00e4\u00e4set viel\u00e4 paikan p\u00e4\u00e4ll\u00e4 ilmoittautumalla klo 17.30 menness\u00e4.<\/p>\n<p>Tervetuloa mukaan nauttimaan nauttimaan juoksun ainutlaatuisesta tunnelmasta !<\/p>\n","protected":false},"excerpt":{"rendered":"<p>Ennakkoilmoittautuminen on nyt suljettu. Mukaan p\u00e4\u00e4set viel\u00e4 paikan p\u00e4\u00e4ll\u00e4 ilmoittautumalla klo 17.30 menness\u00e4. Tervetuloa mukaan nauttimaan nauttimaan juoksun ainutlaatuisesta tunnelmasta !<\/p>\n<p class=\"more-link-p\"><a class=\"btn btn-primary\" href=\"https:\/\/www.vaajakoskentera.com\/paviljonginpamaus\/ilmoittautuminen\/\">Read more &rarr;<\/a><\/p>\n","protected":false},"author":1,"featured_media":0,"parent":0,"menu_order":0,"comment_status":"closed","ping_status":"closed","template":"","meta":{"_monsterinsights_skip_tracking":false,"_monsterinsights_sitenote_active":false,"_monsterinsights_sitenote_note":"","_monsterinsights_sitenote_category":0,"footnotes":""},"class_list":["post-41","page","type-page","status-publish","hentry"],"_links":{"self":[{"href":"https:\/\/www.vaajakoskentera.com\/paviljonginpamaus\/wp-json\/wp\/v2\/pages\/41","targetHints":{"allow":["GET"]}}],"collection":[{"href":"https:\/\/www.vaajakoskentera.com\/paviljonginpamaus\/wp-json\/wp\/v2\/pages"}],"about":[{"href":"https:\/\/www.vaajakoskentera.com\/paviljonginpamaus\/wp-json\/wp\/v2\/types\/page"}],"author":[{"embeddable":true,"href":"https:\/\/www.vaajakoskentera.com\/paviljonginpamaus\/wp-json\/wp\/v2\/users\/1"}],"replies":[{"embeddable":true,"href":"https:\/\/www.vaajakoskentera.com\/paviljonginpamaus\/wp-json\/wp\/v2\/comments?post=41"}],"version-history":[{"count":54,"href":"https:\/\/www.vaajakoskentera.com\/paviljonginpamaus\/wp-json\/wp\/v2\/pages\/41\/revisions"}],"predecessor-version":[{"id":773,"href":"https:\/\/www.vaajakoskentera.com\/paviljonginpamaus\/wp-json\/wp\/v2\/pages\/41\/revisions\/773"}],"wp:attachment":[{"href":"https:\/\/www.vaajakoskentera.com\/paviljonginpamaus\/wp-json\/wp\/v2\/media?parent=41"}],"curies":[{"name":"wp","href":"https:\/\/api.w.org\/{rel}","templated":true}]}}