{"id":14,"date":"2014-11-30T22:42:03","date_gmt":"2014-11-30T20:42:03","guid":{"rendered":"http:\/\/www.vaajakoskentera.com\/paviljonginpamaus2014\/?page_id=14"},"modified":"2020-12-28T19:16:21","modified_gmt":"2020-12-28T17:16:21","slug":"tapahtuman-tiedot","status":"publish","type":"page","link":"https:\/\/www.vaajakoskentera.com\/paviljonginpamaus\/tapahtuman-tiedot\/","title":{"rendered":"Tapahtuman perustiedot"},"content":{"rendered":"<p>Koronarajoituksista johtuen varsinaista tapahtumaa ei t\u00e4n\u00e4 vuonna j\u00e4rjestet\u00e4. Suomen suurin uudenvuodenjuoksu ja yhteisty\u00f6kumppanit Icebug ja rakennuspalvelu \u00c4ss\u00e4m\u00e4ki haluavat kannustaa ihmisi\u00e4 liikkumaan n\u00e4in korona-aikanakin \u2013 turvallisesti ulkoillen. Niinp\u00e4 t\u00e4m\u00e4n vuotinen uudenvuodenjuoksu Paviljongin Pamaus tapahtuu ns. omatoimisesti, vapaalla l\u00e4ht\u00f6ajalla ja ilman j\u00e4rjestelyj\u00e4. Osallistuminen on ilmaista ja osallistumalla olet mukana yhteisty\u00f6kumppanien upeissa arvontapalkinnoissa. T\u00e4ll\u00e4 tavoin haluamme kannustaa ihmisi\u00e4 liikkumaan itsen\u00e4isesti tai kaverin kanssa, ja samalla pit\u00e4m\u00e4\u00e4n yll\u00e4 perinteikk\u00e4\u00e4n tapahtuman henke\u00e4 poikkeuksellisesta ajasta huolimatta.<\/p>\n<p><strong>Ajankohta ja paikka:<\/strong><\/p>\n<p>Jyv\u00e4skyl\u00e4n Paviljonki<\/p>\n<p>31.12.2019, vapaavalintainen aika klo 9-24.<\/p>\n<p><strong>Laji:<\/strong><\/p>\n<p>Juoksu<\/p>\n<p><strong>Sarjat:<\/strong><\/p>\n<p>Poikkeusvuonna sarjoja ei ole.<\/p>\n<p><strong>Osanottomaksut ja ilmoittautuminen:<\/strong><\/p>\n<p>Osallistumismaksua ei t\u00e4n\u00e4 vuonna ole, eik\u00e4 ilmoittautumisia tarvita. Mik\u00e4li haluat osallistua arvontoihin, ota itsest\u00e4si kuva rantaraitilla ja l\u00e4het\u00e4 kuva Facebook-tapahtumaamme. Mik\u00e4li Facebook ei ole sinun juttusi, voit l\u00e4hett\u00e4\u00e4 kuvan WhatsAppilla numeroon +358 50 3546885<\/p>\n<p><strong>Palkinnot:<\/strong><\/p>\n<p>Palkinnot jaetaan arpomalla, joten kaikilla on mahdollisuus voittaa!&nbsp;<\/p>\n<p>Palkintoina ovat korona-vuonna:<\/p>\n<p>&#8211;<a href=\"http:\/\/www.icebug.fi\">Icebug<\/a>-nastakeng\u00e4t<\/p>\n<p>&#8211;<a href=\"http:\/\/rakennuspalvelumika.fi\/\">Rakennuspalvelu \u00c4ss\u00e4m\u00e4ki<\/a> Oy remonttilahjakortti<\/p>\n<p><strong>Reitti:<\/strong><br \/>\n<a href=\"http:\/\/www.vaajakoskentera.com\/paviljonginpamaus2014\/wp-content\/uploads\/sites\/7\/2014\/11\/reittikartta_pamausb.jpg\"><img loading=\"lazy\" decoding=\"async\" class=\"alignnone wp-image-94 size-medium\" title=\"Klikkaa suuremmaksi\" src=\"http:\/\/www.vaajakoskentera.com\/paviljonginpamaus2014\/wp-content\/uploads\/sites\/7\/2014\/11\/reittikartta_pamausb-300x245.jpg\" alt=\"reittikartta\" width=\"300\" height=\"245\" srcset=\"https:\/\/www.vaajakoskentera.com\/paviljonginpamaus\/wp-content\/uploads\/sites\/7\/2014\/11\/reittikartta_pamausb-300x245.jpg 300w, https:\/\/www.vaajakoskentera.com\/paviljonginpamaus\/wp-content\/uploads\/sites\/7\/2014\/11\/reittikartta_pamausb-1024x836.jpg 1024w, https:\/\/www.vaajakoskentera.com\/paviljonginpamaus\/wp-content\/uploads\/sites\/7\/2014\/11\/reittikartta_pamausb-150x122.jpg 150w, https:\/\/www.vaajakoskentera.com\/paviljonginpamaus\/wp-content\/uploads\/sites\/7\/2014\/11\/reittikartta_pamausb.jpg 1870w\" sizes=\"auto, (max-width: 300px) 100vw, 300px\" \/><\/a><\/p>\n<p><strong>J\u00e4rjest\u00e4j\u00e4:<\/strong><\/p>\n<p>Vaajakosken Ter\u00e4<\/p>\n<p><strong>Kilpailunjohtaja:<\/strong><\/p>\n<p>Juha Koskinen 050 3546885 uudenvuodenjuoksu@gmail.com<\/p>\n<p><strong>Pukeutuminen:<\/strong><\/p>\n<p>Poikkeusvuonna pukeutumistiloja ei tarjota j\u00e4rjest\u00e4j\u00e4n toimesta.<\/p>\n<p><strong>Parkkialueet:<\/strong><\/p>\n<p>Lutakon parkkihalli ja Sataman parkkipaikat.<\/p>\n<p>&nbsp;<\/p>\n<p>Koe uusivuosi juosten Jyv\u00e4skyl\u00e4ss\u00e4 mukavan rempse\u00e4ss\u00e4 tunnelmassa rakettien ja soihtujen valossa.<\/p>\n","protected":false},"excerpt":{"rendered":"<p>Koronarajoituksista johtuen varsinaista tapahtumaa ei t\u00e4n\u00e4 vuonna j\u00e4rjestet\u00e4. Suomen suurin uudenvuodenjuoksu ja yhteisty\u00f6kumppanit Icebug ja rakennuspalvelu \u00c4ss\u00e4m\u00e4ki haluavat kannustaa ihmisi\u00e4 liikkumaan n\u00e4in korona-aikanakin \u2013 turvallisesti ulkoillen. Niinp\u00e4 t\u00e4m\u00e4n vuotinen uudenvuodenjuoksu Paviljongin Pamaus tapahtuu ns. omatoimisesti, vapaalla l\u00e4ht\u00f6ajalla ja ilman j\u00e4rjestelyj\u00e4. Osallistuminen on ilmaista ja osallistumalla olet mukana yhteisty\u00f6kumppanien upeissa arvontapalkinnoissa. T\u00e4ll\u00e4 tavoin haluamme kannustaa ihmisi\u00e4&hellip;<\/p>\n<p class=\"more-link-p\"><a class=\"btn btn-primary\" href=\"https:\/\/www.vaajakoskentera.com\/paviljonginpamaus\/tapahtuman-tiedot\/\">Read more &rarr;<\/a><\/p>\n","protected":false},"author":2,"featured_media":0,"parent":0,"menu_order":0,"comment_status":"closed","ping_status":"open","template":"","meta":{"_monsterinsights_skip_tracking":false,"_monsterinsights_sitenote_active":false,"_monsterinsights_sitenote_note":"","_monsterinsights_sitenote_category":0,"footnotes":""},"class_list":["post-14","page","type-page","status-publish","hentry"],"_links":{"self":[{"href":"https:\/\/www.vaajakoskentera.com\/paviljonginpamaus\/wp-json\/wp\/v2\/pages\/14","targetHints":{"allow":["GET"]}}],"collection":[{"href":"https:\/\/www.vaajakoskentera.com\/paviljonginpamaus\/wp-json\/wp\/v2\/pages"}],"about":[{"href":"https:\/\/www.vaajakoskentera.com\/paviljonginpamaus\/wp-json\/wp\/v2\/types\/page"}],"author":[{"embeddable":true,"href":"https:\/\/www.vaajakoskentera.com\/paviljonginpamaus\/wp-json\/wp\/v2\/users\/2"}],"replies":[{"embeddable":true,"href":"https:\/\/www.vaajakoskentera.com\/paviljonginpamaus\/wp-json\/wp\/v2\/comments?post=14"}],"version-history":[{"count":45,"href":"https:\/\/www.vaajakoskentera.com\/paviljonginpamaus\/wp-json\/wp\/v2\/pages\/14\/revisions"}],"predecessor-version":[{"id":808,"href":"https:\/\/www.vaajakoskentera.com\/paviljonginpamaus\/wp-json\/wp\/v2\/pages\/14\/revisions\/808"}],"wp:attachment":[{"href":"https:\/\/www.vaajakoskentera.com\/paviljonginpamaus\/wp-json\/wp\/v2\/media?parent=14"}],"curies":[{"name":"wp","href":"https:\/\/api.w.org\/{rel}","templated":true}]}}