{"id":7,"date":"2015-08-30T19:46:11","date_gmt":"2015-08-30T19:46:11","guid":{"rendered":"http:\/\/www.vaajakoskentera.com\/kurkocup15\/?page_id=7"},"modified":"2015-12-07T11:55:47","modified_gmt":"2015-12-07T08:55:47","slug":"kurko-ohjelma-2015","status":"publish","type":"page","link":"https:\/\/www.vaajakoskentera.com\/kurkocup15\/kurko-ohjelma-2015\/","title":{"rendered":"Kurko-ohjelma 2015"},"content":{"rendered":"<p>&nbsp;<\/p>\n<p style=\"font-family: courier;text-align: left\">\n1.\u00a0 VK39 To 24.9.\u00a0 20:00\u00a0\u00a0 S-JKL, Roku-Kurko, <a href=\"http:\/\/kansalaisen.karttapaikka.fi\/linkki?scale=8000&amp;text=roku-kurko&amp;srs=EPSG%3A3067&amp;y=6903228&amp;x=423027&amp;lang=fi\" target=\"_blank\">Vesala<\/a><br \/>\n2.\u00a0 VK40 To 1.10.\u00a0 19:30\u00a0\u00a0 IPR, Joutsanpommi-Kurko, <a href=\"http:\/\/kansalaisen.karttapaikka.fi\/linkki?scale=150000&amp;text=Joutsanpommi-kurko+1.10.&amp;srs=EPSG%3A3067&amp;y=6849344&amp;x=447199&amp;lang=fi\" target=\"_blank\">V\u00e4ihk\u00f6l\u00e4<\/a><br \/>\n3.\u00a0 VK41 To 8.10.\u00a0 19:00\u00a0\u00a0 Ter\u00e4, Svartbakken-Kurko, <a href=\"http:\/\/kartta.jkl.fi\/IMS\/?layers=Opaskartta&amp;cp=6890875,491806&amp;z=2&amp;title=kurko%208.10.2015%20klo%2019:00\" target=\"_blank\">Ter\u00e4n Alpit<\/a><br \/>\n4.\u00a0 VK42 To 15.10. 19:00\u00a0\u00a0 IPR, Huiko-Kurko, <a href=\"http:\/\/kansalaisen.karttapaikka.fi\/linkki?scale=80000&amp;text=KurkoCuppi+15.10&amp;srs=EPSG%3A3067&amp;y=6892124&amp;x=455299&amp;lang=fi\" target=\"_blank\">Toivakka Huikko<\/a><br \/>\n5.\u00a0 VK43 To 22.10. 19:00\u00a0\u00a0 JRV, Juurikka-Kurko, <a href=\"http:\/\/kansalaisen.karttapaikka.fi\/linkki?scale=16000&amp;text=Juurikka-Kurko+22.10.2015&amp;srs=EPSG%3A3067&amp;y=6866228&amp;x=411079&amp;lang=fi\" target=\"_blank\">Juokslahti<\/a><br \/>\n6.\u00a0 VK44 To 29.10. 18:00\u00a0\u00a0 S-JKL, Jokumuu-Kurko, <a href=\"http:\/\/kartta.jkl.fi\/IMS\/?layers=Opaskartta&amp;cp=6904400,483358&amp;z=1&amp;title=Jokumuu-parkki\" target=\"_blank\">Killeri<\/a><br \/>\n7.\u00a0 VK45 To 5.11.\u00a0 18:00\u00a0\u00a0 XE4, 69-Kurko, <a href=\"http:\/\/kansalaisen.karttapaikka.fi\/linkki?scale=4000&amp;text=69-Kurko&amp;srs=EPSG%3A3067&amp;y=6934033&amp;x=437025&amp;lang=fi\" target=\"_blank\">Koivisto<\/a><br \/>\n8.\u00a0 VK46 To 12.11. 18:00\u00a0\u00a0 S-JKL, Rela-Kurko, <a href=\"http:\/\/kansalaisen.karttapaikka.fi\/linkki?scale=4000&amp;text=Rela-Kurko&amp;srs=EPSG%3A3067&amp;y=6902362&amp;x=423017&amp;lang=fi\" target=\"_blank\">Viljol\u00e4hteenkankaat<\/a><br \/>\n9.\u00a0 VK47 To 19.11. 18:00\u00a0\u00a0 ViPa, Pamaus-Kurko, <a href=\"http:\/\/kansalaisen.karttapaikka.fi\/linkki?scale=16000&amp;text=Pamaus-Kurko&amp;srs=EPSG%3A3067&amp;y=6912964&amp;x=442699&amp;lang=fi\" target=\"_blank\">Vihtavuori<\/a><br \/>\n10. VK48 To 26.11. 18:00\u00a0\u00a0 Ter\u00e4 , Nisu-Kurko, <a href=\"http:\/\/kansalaisen.karttapaikka.fi\/linkki?scale=40000&amp;text=Opastus+Nisu-Kurkoon&amp;srs=EPSG%3A3067&amp;y=6881260&amp;x=444531&amp;lang=fi\" target=\"_blank\">Nisula<\/a><br \/>\n11. VK49 To 3.12.\u00a0 18:00\u00a0\u00a0 Ter\u00e4, Tsaari-Kurko, <a href=\"http:\/\/kansalaisen.karttapaikka.fi\/kartanhaku\/osoitehaku.html?x=441675&amp;y=6908784&amp;srs=EPSG:3067&amp;text=Opastus+TSaari-Kurko&amp;scale=16000&amp;action=link&amp;mode=&amp;lang=fi\" target=\"_blank\">Nojosniemi<\/a><br \/>\n12. VK50 To 10.12. 18:00\u00a0\u00a0 S-JKL, Mysteeri-Kurko, <a href=\"http:\/\/kansalaisen.karttapaikka.fi\/linkki?scale=16000&amp;text=Pet%C3%A4j%C3%A4vedentie+2178&amp;srs=EPSG%3A3067&amp;y=6893600&amp;x=416522&amp;lang=fi\" target=\"_blank\">Yl\u00e4-Muuratj\u00e4rvi<\/a><\/p>\n<p>Oikeudet muutoksiin pidet\u00e4\u00e4n loppuun asti ja viel\u00e4 j\u00e4lkik\u00e4teenkin!<\/p>\n","protected":false},"excerpt":{"rendered":"<p>&nbsp; 1.\u00a0 VK39 To 24.9.\u00a0 20:00\u00a0\u00a0 S-JKL, Roku-Kurko, Vesala 2.\u00a0 VK40 To 1.10.\u00a0 19:30\u00a0\u00a0 IPR, Joutsanpommi-Kurko, V\u00e4ihk\u00f6l\u00e4 3.\u00a0 VK41 To 8.10.\u00a0 19:00\u00a0\u00a0 Ter\u00e4, Svartbakken-Kurko, Ter\u00e4n Alpit 4.\u00a0 VK42 To 15.10. 19:00\u00a0\u00a0 IPR, Huiko-Kurko, Toivakka Huikko 5.\u00a0 VK43 To 22.10. 19:00\u00a0\u00a0 JRV, Juurikka-Kurko, Juokslahti 6.\u00a0 VK44 To 29.10. 18:00\u00a0\u00a0 S-JKL, Jokumuu-Kurko, Killeri 7.\u00a0 VK45 To 5.11.\u00a0 [&hellip;]<\/p>\n","protected":false},"author":2,"featured_media":0,"parent":0,"menu_order":0,"comment_status":"closed","ping_status":"closed","template":"","meta":{"footnotes":""},"class_list":["post-7","page","type-page","status-publish","hentry"],"_links":{"self":[{"href":"https:\/\/www.vaajakoskentera.com\/kurkocup15\/wp-json\/wp\/v2\/pages\/7","targetHints":{"allow":["GET"]}}],"collection":[{"href":"https:\/\/www.vaajakoskentera.com\/kurkocup15\/wp-json\/wp\/v2\/pages"}],"about":[{"href":"https:\/\/www.vaajakoskentera.com\/kurkocup15\/wp-json\/wp\/v2\/types\/page"}],"author":[{"embeddable":true,"href":"https:\/\/www.vaajakoskentera.com\/kurkocup15\/wp-json\/wp\/v2\/users\/2"}],"replies":[{"embeddable":true,"href":"https:\/\/www.vaajakoskentera.com\/kurkocup15\/wp-json\/wp\/v2\/comments?post=7"}],"version-history":[{"count":26,"href":"https:\/\/www.vaajakoskentera.com\/kurkocup15\/wp-json\/wp\/v2\/pages\/7\/revisions"}],"predecessor-version":[{"id":453,"href":"https:\/\/www.vaajakoskentera.com\/kurkocup15\/wp-json\/wp\/v2\/pages\/7\/revisions\/453"}],"wp:attachment":[{"href":"https:\/\/www.vaajakoskentera.com\/kurkocup15\/wp-json\/wp\/v2\/media?parent=7"}],"curies":[{"name":"wp","href":"https:\/\/api.w.org\/{rel}","templated":true}]}}