{"id":21,"date":"2014-08-12T18:15:42","date_gmt":"2014-08-12T15:15:42","guid":{"rendered":"http:\/\/www.vaajakoskentera.com\/kurkocup14\/?page_id=21"},"modified":"2014-12-12T22:05:08","modified_gmt":"2014-12-12T20:05:08","slug":"tulokset-ja-kartat","status":"publish","type":"page","link":"https:\/\/www.vaajakoskentera.com\/kurkocup14\/tulokset-ja-kartat\/","title":{"rendered":"Kurko-tulokset ja kartat"},"content":{"rendered":"<p>1. Valtra-Kurko: <a title=\"V\u00e4liajat\" href=\"http:\/\/www.rastie4.fi\/kilpailut\/tira2014\/valtra_kurkova.htm\" target=\"_blank\">v\u00e4liajat<\/a>, <a title=\"Tulokset\" href=\"http:\/\/www.rastie4.fi\/kilpailut\/tira2014\/valtra_kurko.htm\" target=\"_blank\">tulokset<\/a>, KKartta, GKartta, HKartta ja (<a href=\"http:\/\/www.rastie4.fi\/gadget\/2014_2\/cgi-bin\/reitti.cgi?act=map&amp;id=13&amp;kieli=\" target=\"_blank\">Reittih\u00e4rweli<\/a>)<br \/>\n2. Synti-Kurko: <a href=\"http:\/\/www.vaajakoskentera.com\/kurkotuloksia\/2014\/20140924_Synti_valiajat.html\" target=\"_blank\">v\u00e4liajat <\/a>, <a href=\"http:\/\/www.vaajakoskentera.com\/kurkotuloksia\/2014\/20140924_Synti_tulokset.html\" target=\"_blank\">tulokset <\/a>, <a href=\"http:\/\/www.vaajakoskentera.com\/kurkotuloksia\/2014\/20140924_Synti_Kurko.pdf\" target=\"_blank\">Kkartta <\/a>, <a href=\"http:\/\/www.vaajakoskentera.com\/kurkotuloksia\/2014\/20140924_Synti_Gubbe.pdf\" target=\"_blank\">Gkartta <\/a>, <a href=\"http:\/\/www.vaajakoskentera.com\/kurkotuloksia\/2014\/20140924_Synti_Helppo.pdf\" target=\"_blank\">Hkartta <\/a><br \/>\n3. Hurtti-Kurko: <a href=\"http:\/\/www.vaajakoskentera.com\/kurkotuloksia\/2014\/20141002_valiajat.html\" target=\"_blank\">v\u00e4liajat <\/a>, <a href=\"http:\/\/www.vaajakoskentera.com\/kurkotuloksia\/2014\/20141002_tulokset.html\" target=\"_blank\">tulokset <\/a>, <a href=\"http:\/\/www.vaajakoskentera.com\/kurkotuloksia\/2014\/20141002_Kurko.pdf\" target=\"_blank\">Kkartta <\/a>, <a href=\"http:\/\/www.vaajakoskentera.com\/kurkotuloksia\/2014\/20141002_Gubbe.pdf\" target=\"_blank\">Gkartta <\/a>, <a href=\"http:\/\/www.vaajakoskentera.com\/kurkotuloksia\/2014\/20141002_Helppoelama.pdf\" target=\"_blank\">Hkartta <\/a><br \/>\n4. Hindus-Kurko: <a href=\"http:\/\/www.vaajakoskentera.com\/kurkotuloksia\/2014\/20141009_valiajat_rev1.html\" target=\"_blank\">v\u00e4liajat <\/a>, <a href=\"http:\/\/www.vaajakoskentera.com\/kurkotuloksia\/2014\/20141009_tulokset_rev1.html\" target=\"_blank\">tulokset <\/a>, <a href=\"http:\/\/www.vaajakoskentera.com\/kurkotuloksia\/2014\/20141009_Kurko.pdf\" target=\"_blank\">Kkartta <\/a>, <a href=\"http:\/\/www.vaajakoskentera.com\/kurkotuloksia\/2014\/20141009_Gubbe.pdf\" target=\"_blank\">Gkartta <\/a>, <a href=\"http:\/\/www.vaajakoskentera.com\/kurkotuloksia\/2014\/20141009_Helppo.pdf\" target=\"_blank\">Hkartta <\/a><br \/>\n5. Lehes-Kurko: <a href=\"http:\/\/www.vaajakoskentera.com\/kurkotuloksia\/2014\/20141016_valiajat.html\" target=\"_blank\">v\u00e4liajat <\/a>, <a href=\"http:\/\/www.vaajakoskentera.com\/kurkotuloksia\/2014\/20141016_tulokset_rev1.html\" target=\"_blank\">tulokset <\/a>, <a href=\"http:\/\/www.vaajakoskentera.com\/kurkotuloksia\/2014\/20141016_Kurko.pdf\" target=\"_blank\">Kkartta <\/a>, <a href=\"http:\/\/www.vaajakoskentera.com\/kurkotuloksia\/2014\/20141016_Gubbe.pdf\" target=\"_blank\">Gkartta <\/a>, <a href=\"http:\/\/www.vaajakoskentera.com\/kurkotuloksia\/2014\/20141016_Helppo.pdf\" target=\"_blank\">Hkartta <\/a><br \/>\n6. Kurkoilu-Kurssi: <del datetime=\"2014-11-29T07:05:04+00:00\">v\u00e4liajat<\/del>, <a href=\"http:\/\/www.vaajakoskentera.com\/kurkotuloksia\/2014\/20141023_tulokset_rev2.html\" target=\"_blank\">tulokset <\/a>, <a href=\"http:\/\/www.vaajakoskentera.com\/kurkotuloksia\/2014\/20141023_Kurko.pdf\" target=\"_blank\">Kkartta <\/a>, <a href=\"http:\/\/www.vaajakoskentera.com\/kurkotuloksia\/2014\/20141023_Gubbe.pdf\" target=\"_blank\">Gkartta <\/a>, <a href=\"http:\/\/www.vaajakoskentera.com\/kurkotuloksia\/2014\/20141023_Helppo.pdf\" target=\"_blank\">Hkartta <\/a><br \/>\n7. Vaara-Kurko: <a href=\"http:\/\/www.vaajakoskentera.com\/kurkotuloksia\/2014\/20141030_valiajat.html\" target=\"_blank\">v\u00e4liajat <\/a>, <a href=\"http:\/\/www.vaajakoskentera.com\/kurkotuloksia\/2014\/20141030_tulokset.html\" target=\"_blank\">tulokset <\/a>, <a href=\"http:\/\/www.vaajakoskentera.com\/kurkotuloksia\/2014\/20141030_Kurko.pdf\" target=\"_blank\">Kkartta <\/a>, <a href=\"http:\/\/www.vaajakoskentera.com\/kurkotuloksia\/2014\/20141030_Guppe.pdf\" target=\"_blank\">Gkartta <\/a>, <a href=\"http:\/\/www.vaajakoskentera.com\/kurkotuloksia\/2014\/20141030_Helppo.pdf\" target=\"_blank\">Hkartta <\/a><br \/>\n8. Gustav Adolfsnatten:  <a href=\"http:\/\/www.vaajakoskentera.com\/kurkotuloksia\/2014\/20141106_valiajat.html\" target=\"_blank\">mellantider <\/a>, <a href=\"http:\/\/www.vaajakoskentera.com\/kurkotuloksia\/2014\/20141106_tulokset.html\" target=\"_blank\">resultat <\/a>, <a href=\"http:\/\/www.vaajakoskentera.com\/kurkotuloksia\/2014\/20141106_Kurko.pdf\" target=\"_blank\">Kkarta <\/a>, <a href=\"http:\/\/www.vaajakoskentera.com\/kurkotuloksia\/2014\/20141106_Gubbe.pdf\" target=\"_blank\">Gkarta <\/a>, <a href=\"http:\/\/www.vaajakoskentera.com\/kurkotuloksia\/2014\/20141106_Helppo.pdf\" target=\"_blank\">Lkarta <\/a><br \/>\n9. Horina-Kurko: <a href=\"http:\/\/www.vaajakoskentera.com\/kurkotuloksia\/2014\/20141113_valiajat_rev1.html\" target=\"_blank\">v\u00e4liajat <\/a>, <a href=\"http:\/\/www.vaajakoskentera.com\/kurkotuloksia\/2014\/20141113_tulokset_rev1.html\" target=\"_blank\">tulokset <\/a>, <a href=\"http:\/\/www.vaajakoskentera.com\/kurkotuloksia\/2014\/20141113_Kurko.pdf\" target=\"_blank\">Kkartta <\/a>, <a href=\"http:\/\/www.vaajakoskentera.com\/kurkotuloksia\/2014\/20141113_Gubbe.pdf\" target=\"_blank\">Gkartta <\/a>, <a href=\"http:\/\/www.vaajakoskentera.com\/kurkotuloksia\/2014\/20141113_Helppo.pdf\" target=\"_blank\">Hkartta <\/a><br \/>\n10. Laukka-Kurko: <a href=\"http:\/\/www.vaajakoskentera.com\/kurkotuloksia\/2014\/20141120_valiajat.html\" target=\"_blank\">v\u00e4liajat <\/a>, <a href=\"http:\/\/www.vaajakoskentera.com\/kurkotuloksia\/2014\/20141120_tulokset.html\" target=\"_blank\">tulokset <\/a>, <a href=\"http:\/\/www.vaajakoskentera.com\/kurkotuloksia\/2014\/20141120_Kurko.pdf\" target=\"_blank\">Kkartta <\/a>, <a href=\"http:\/\/www.vaajakoskentera.com\/kurkotuloksia\/2014\/20141120_Gubbe.pdf\" target=\"_blank\">Gkartta <\/a>, <a href=\"http:\/\/www.vaajakoskentera.com\/kurkotuloksia\/2014\/20141120_Helppo.pdf\" target=\"_blank\">Hkartta <\/a><br \/>\n11. Jylh\u00e4-Kurko: <a href=\"http:\/\/www.vaajakoskentera.com\/kurkotuloksia\/2014\/20141127_valiajat.html\" target=\"_blank\">v\u00e4liajat <\/a>, <a href=\"http:\/\/www.vaajakoskentera.com\/kurkotuloksia\/2014\/20141127_tulokset_rev1.html\" target=\"_blank\">tulokset <\/a>, <a href=\"http:\/\/www.vaajakoskentera.com\/kurkotuloksia\/2014\/20141127_Kurko1.jpg\" target=\"_blank\">K_alku<\/a>, <a href=\"http:\/\/www.vaajakoskentera.com\/kurkotuloksia\/2014\/20141127_Kurko2.jpg\" target=\"_blank\">K_loppu <\/a>, <a href=\"http:\/\/www.vaajakoskentera.com\/kurkotuloksia\/2014\/20141127_Gubbe.jpg\" target=\"_blank\">Gkartta <\/a>, <a href=\"http:\/\/www.vaajakoskentera.com\/kurkotuloksia\/2014\/20141127_Helppo.jpg\" target=\"_blank\">Hkartta <\/a><br \/>\n12. Lepo-Kurko: <a href=\"http:\/\/www.vaajakoskentera.com\/kurkotuloksia\/2014\/20141204_valiajat.html\" target=\"_blank\">v\u00e4liajat <\/a>, <a href=\"http:\/\/www.vaajakoskentera.com\/kurkotuloksia\/2014\/20141204_tulokset.html\" target=\"_blank\">tulokset <\/a>, <a href=\"http:\/\/www.vaajakoskentera.com\/kurkotuloksia\/2014\/20141204_Kurko.pdf\" target=\"_blank\">Kkartta <\/a>, <a href=\"http:\/\/www.vaajakoskentera.com\/kurkotuloksia\/2014\/20141204_Gubbe.pdf\" target=\"_blank\">Gkartta <\/a>, <a href=\"http:\/\/www.vaajakoskentera.com\/kurkotuloksia\/2014\/20141204_Helppo.pdf\" target=\"_blank\">Hkartta <\/a><br \/>\n13. SPA-Kurko: <a href=\"http:\/\/www.vaajakoskentera.com\/kurkotuloksia\/2014\/20141211_valiajat_rev1.html\" target=\"_blank\">v\u00e4liajat <\/a>, <a href=\"http:\/\/www.vaajakoskentera.com\/kurkotuloksia\/2014\/20141211_tulokset_rev1.html\" target=\"_blank\">tulokset <\/a>, <a href=\"http:\/\/www.vaajakoskentera.com\/kurkotuloksia\/2014\/20141211_Kurko.jpg\" target=\"_blank\">Kkartta <\/a>, <a href=\"http:\/\/www.vaajakoskentera.com\/kurkotuloksia\/2014\/20141211_Gubbe.jpg\" target=\"_blank\">Gkartta <\/a>, <a href=\"http:\/\/www.vaajakoskentera.com\/kurkotuloksia\/2014\/20141211_Helppo.jpg\" target=\"_blank\">Hkartta <\/a><\/p>\n","protected":false},"excerpt":{"rendered":"<p>1. Valtra-Kurko: v\u00e4liajat, tulokset, KKartta, GKartta, HKartta ja (Reittih\u00e4rweli) 2. Synti-Kurko: v\u00e4liajat , tulokset , Kkartta , Gkartta , Hkartta 3. Hurtti-Kurko: v\u00e4liajat , tulokset , Kkartta , Gkartta , Hkartta 4. Hindus-Kurko: v\u00e4liajat , tulokset , Kkartta , Gkartta , Hkartta 5. Lehes-Kurko: v\u00e4liajat , tulokset , Kkartta , Gkartta , Hkartta 6. Kurkoilu-Kurssi: [&hellip;]<\/p>\n","protected":false},"author":2,"featured_media":0,"parent":0,"menu_order":0,"comment_status":"open","ping_status":"open","template":"","meta":{"_monsterinsights_skip_tracking":false,"_monsterinsights_sitenote_active":false,"_monsterinsights_sitenote_note":"","_monsterinsights_sitenote_category":0,"footnotes":""},"class_list":["post-21","page","type-page","status-publish","hentry"],"_links":{"self":[{"href":"https:\/\/www.vaajakoskentera.com\/kurkocup14\/wp-json\/wp\/v2\/pages\/21","targetHints":{"allow":["GET"]}}],"collection":[{"href":"https:\/\/www.vaajakoskentera.com\/kurkocup14\/wp-json\/wp\/v2\/pages"}],"about":[{"href":"https:\/\/www.vaajakoskentera.com\/kurkocup14\/wp-json\/wp\/v2\/types\/page"}],"author":[{"embeddable":true,"href":"https:\/\/www.vaajakoskentera.com\/kurkocup14\/wp-json\/wp\/v2\/users\/2"}],"replies":[{"embeddable":true,"href":"https:\/\/www.vaajakoskentera.com\/kurkocup14\/wp-json\/wp\/v2\/comments?post=21"}],"version-history":[{"count":36,"href":"https:\/\/www.vaajakoskentera.com\/kurkocup14\/wp-json\/wp\/v2\/pages\/21\/revisions"}],"predecessor-version":[{"id":559,"href":"https:\/\/www.vaajakoskentera.com\/kurkocup14\/wp-json\/wp\/v2\/pages\/21\/revisions\/559"}],"wp:attachment":[{"href":"https:\/\/www.vaajakoskentera.com\/kurkocup14\/wp-json\/wp\/v2\/media?parent=21"}],"curies":[{"name":"wp","href":"https:\/\/api.w.org\/{rel}","templated":true}]}}