{"id":19,"date":"2014-08-12T18:03:18","date_gmt":"2014-08-12T15:03:18","guid":{"rendered":"http:\/\/www.vaajakoskentera.com\/kurkocup14\/?page_id=19"},"modified":"2014-12-07T19:43:33","modified_gmt":"2014-12-07T17:43:33","slug":"ohjelma","status":"publish","type":"page","link":"https:\/\/www.vaajakoskentera.com\/kurkocup14\/ohjelma\/","title":{"rendered":"Kurko-ohjelma 2014"},"content":{"rendered":"<p>&nbsp;<\/p>\n<p style=\"font-family: courier;text-align: left\">1.\u00a0 VK38 To 18.9.\u00a0 20:00\u00a0\u00a0 E4, Valtra-Kurko\/<a href=\"http:\/\/kansalaisen.karttapaikka.fi\/linkki?scale=8000&amp;text=Valta-Kurko%2C+kilpailukeskus&amp;srs=EPSG%3A3067&amp;y=6935307&amp;x=443721&amp;lang=fi\" target=\"_blank\">Sirkkaharju<\/a><br \/>\n2.\u00a0 VK39 Ke 24.9.\u00a0 20:00\u00a0\u00a0 IPR, Synti-Kurko\/<a href=\"http:\/\/kansalaisen.karttapaikka.fi\/linkki?scale=16000&amp;text=Synti-Kurkon+sis%C3%A4%C3%A4nlukuauto&amp;srs=EPSG%3A3067&amp;y=6844672&amp;x=452851&amp;lang=fi\" target=\"_blank\">Synninkynnys, Joutsa<\/a><br \/>\n3.\u00a0 VK40 To 2.10.\u00a0 19:30\u00a0\u00a0 S-JKL, Hurtti-Kurko\/<a href=\"http:\/\/kansalaisen.karttapaikka.fi\/linkki?scale=16000&amp;text=Hurtti-Kurkon+opastus&amp;srs=EPSG%3A3067&amp;y=6894234&amp;x=434531&amp;lang=fi\" target=\"_blank\">Iso Urtti<\/a><br \/>\n4.\u00a0 VK41 To 9.10.\u00a0 19:00\u00a0\u00a0 Ter\u00e4, <a href=\"http:\/\/kartta.jkl.fi\/IMS\/?layers=Opaskartta&amp;cp=6902552,494620&amp;z=4&amp;title=Paikoitus\" target=\"_blank\">Hindus-Kurko<\/a>\/<a href=\"http:\/\/kartta.jkl.fi\/IMS\/?layers=Opaskartta&amp;cp=6901418,493692&amp;z=2&amp;title=Kilpailukeskus\" target=\"_blank\">Hintusvuori<\/a><br \/>\n5.\u00a0 VK42 To 16.10.\u00a019:00\u00a0\u00a0 S-JKL, Lehes-Kurko\/<a href=\"http:\/\/kansalaisen.karttapaikka.fi\/linkki?scale=16000&amp;text=Lehes-Kurkon+opastus&amp;srs=EPSG%3A3067&amp;y=6912214&amp;x=433815&amp;lang=fi\" target=\"_blank\">Lehesvuori<\/a><br \/>\n6.\u00a0 VK43 To 23.10. 19:00\u00a0\u00a0 S-lukio, Kurkoilu-Kurssi\/<a href=\"http:\/\/kansalaisen.karttapaikka.fi\/linkki?scale=8000&amp;text=Kurko-Cup+23.10.2014&amp;srs=EPSG%3A3067&amp;y=6908952&amp;x=468713&amp;lang=fi\" target=\"_blank\">Etel\u00e4<\/a><br \/>\n7.\u00a0 VK44 To 30.10. 18:00\u00a0\u00a0 JRV, Vaara-Kurko\/<a href=\"http:\/\/kansalaisen.karttapaikka.fi\/linkki?scale=16000&amp;text=Vaara-Kurko+30.10.2014&amp;srs=EPSG%3A3067&amp;y=6866364&amp;x=411193&amp;lang=fi\" title=\"Vaara-Kurko\" target=\"_blank\">Ruonavuori<\/a><br \/>\n8.\u00a0 VK45 To 6.11.\u00a0 18:00\u00a0\u00a0 Ter\u00e4, <a href=\"http:\/\/kansalaisen.karttapaikka.fi\/linkki?scale=16000&amp;text=Opastus+GA-kurkoon&amp;srs=EPSG%3A3067&amp;y=6883552&amp;x=445375&amp;lang=fi\" title=\"Gustav Adolfsnatten v\u00e4gledning\" target=\"_blank\">Gustav Adolfsnatten<\/a>\/<a href=\"http:\/\/kansalaisen.karttapaikka.fi\/linkki?scale=16000&amp;text=GA-kisakeskus&amp;srs=EPSG%3A3067&amp;y=6884108&amp;x=442851&amp;lang=fi\" title=\"T\u00e4vling Centrum\" target=\"_blank\">Lilij\u00e4rvi<\/a><br \/>\n9.\u00a0 VK46 To 13.11. 18:00\u00a0\u00a0 S-JKL, Horina-Kurko\/<a href=\"http:\/\/kansalaisen.karttapaikka.fi\/linkki?scale=16000&amp;text=Horina-Kurko&amp;srs=EPSG%3A3067&amp;y=6898586&amp;x=449883&amp;lang=fi\" target=\"_blank\">Horinvuori<\/a><br \/>\n10. VK47 To 20.11. 18:00 \u00a0 Ter\u00e4, Laukka-Kurko\/<a href=\"http:\/\/kansalaisen.karttapaikka.fi\/linkki?scale=80000&amp;text=20.11+klo+17+opastus+alkaa&amp;srs=EPSG%3A3067&amp;y=6924958&amp;x=425457&amp;lang=fi\" title=\"Laukka-Kurko\" target=\"_blank\">Hiirola<\/a><br \/>\n11. VK48 To 27.11. 18:00\u00a0\u00a0 Ter\u00e4, Jylh\u00e4-Kurko\/<a href=\"http:\/\/kansalaisen.karttapaikka.fi\/kartanhaku\/osoitehaku.html?x=449395&amp;y=6884032&amp;srs=EPSG:3067&amp;text=Jylh%C3%A4-Kurko+opastus&amp;scale=16000&amp;action=link&amp;mode=&amp;lang=fi\" title=\"Kurko-opastus\" target=\"_blank\">Toivakan Paasivuori<\/a><br \/>\n12. VK49 To 4.12.\u00a0 18:00\u00a0\u00a0 S-JKL, Lepo-Kurko\/<a href=\"http:\/\/kartta.jkl.fi\/IMS\/?layers=Opaskartta&amp;cp=6894616,472712&amp;z=4&amp;title=Kurko-opastus\" title=\"Lepo-Kurko opastus\" target=\"_blank\">Myllyvuori it\u00e4<\/a><br \/>\n13. VK50 To 11.12. 18:00\u00a0\u00a0 Ter\u00e4, SPA-Kurko\/<a href=\"http:\/\/kartta.jkl.fi\/IMS\/?layers=Opaskartta&amp;cp=6897800,493360&amp;z=4&amp;title=Ter%C3%A4%20eden%20kurko%2011.12%202014\" title=\"Villa J\u00e4\u00e4skel\u00e4\" target=\"_blank\">Ter\u00e4nmaan Eden<\/a><\/p>\n<p>&nbsp;<\/p>\n<p>Oikeudet muutoksiin pidet\u00e4\u00e4n loppuun asti!<\/p>\n<p>&nbsp;<\/p>\n","protected":false},"excerpt":{"rendered":"<p>&nbsp; 1.\u00a0 VK38 To 18.9.\u00a0 20:00\u00a0\u00a0 E4, Valtra-Kurko\/Sirkkaharju 2.\u00a0 VK39 Ke 24.9.\u00a0 20:00\u00a0\u00a0 IPR, Synti-Kurko\/Synninkynnys, Joutsa 3.\u00a0 VK40 To 2.10.\u00a0 19:30\u00a0\u00a0 S-JKL, Hurtti-Kurko\/Iso Urtti 4.\u00a0 VK41 To 9.10.\u00a0 19:00\u00a0\u00a0 Ter\u00e4, Hindus-Kurko\/Hintusvuori 5.\u00a0 VK42 To 16.10.\u00a019:00\u00a0\u00a0 S-JKL, Lehes-Kurko\/Lehesvuori 6.\u00a0 VK43 To 23.10. 19:00\u00a0\u00a0 S-lukio, Kurkoilu-Kurssi\/Etel\u00e4 7.\u00a0 VK44 To 30.10. 18:00\u00a0\u00a0 JRV, Vaara-Kurko\/Ruonavuori 8.\u00a0 VK45 To 6.11.\u00a0 [&hellip;]<\/p>\n","protected":false},"author":2,"featured_media":0,"parent":0,"menu_order":0,"comment_status":"open","ping_status":"open","template":"","meta":{"_monsterinsights_skip_tracking":false,"_monsterinsights_sitenote_active":false,"_monsterinsights_sitenote_note":"","_monsterinsights_sitenote_category":0,"footnotes":""},"class_list":["post-19","page","type-page","status-publish","hentry"],"_links":{"self":[{"href":"https:\/\/www.vaajakoskentera.com\/kurkocup14\/wp-json\/wp\/v2\/pages\/19","targetHints":{"allow":["GET"]}}],"collection":[{"href":"https:\/\/www.vaajakoskentera.com\/kurkocup14\/wp-json\/wp\/v2\/pages"}],"about":[{"href":"https:\/\/www.vaajakoskentera.com\/kurkocup14\/wp-json\/wp\/v2\/types\/page"}],"author":[{"embeddable":true,"href":"https:\/\/www.vaajakoskentera.com\/kurkocup14\/wp-json\/wp\/v2\/users\/2"}],"replies":[{"embeddable":true,"href":"https:\/\/www.vaajakoskentera.com\/kurkocup14\/wp-json\/wp\/v2\/comments?post=19"}],"version-history":[{"count":62,"href":"https:\/\/www.vaajakoskentera.com\/kurkocup14\/wp-json\/wp\/v2\/pages\/19\/revisions"}],"predecessor-version":[{"id":544,"href":"https:\/\/www.vaajakoskentera.com\/kurkocup14\/wp-json\/wp\/v2\/pages\/19\/revisions\/544"}],"wp:attachment":[{"href":"https:\/\/www.vaajakoskentera.com\/kurkocup14\/wp-json\/wp\/v2\/media?parent=19"}],"curies":[{"name":"wp","href":"https:\/\/api.w.org\/{rel}","templated":true}]}}