{"id":20,"date":"2013-09-17T22:39:34","date_gmt":"2013-09-17T19:39:34","guid":{"rendered":"http:\/\/www.vaajakoskentera.com\/kurkocup13\/?page_id=20"},"modified":"2013-12-12T01:55:21","modified_gmt":"2013-12-11T23:55:21","slug":"kurkopisteet","status":"publish","type":"page","link":"https:\/\/www.vaajakoskentera.com\/kurkocup13\/kurkopisteet\/","title":{"rendered":"Kurkopisteet"},"content":{"rendered":"<h1>KurkoCup 2013<\/h1>\n<p>Korjauspyynn\u00f6t ja palaute osoitteeseen tuomo.kohvakka (auts) iki.fi<\/p>\n<p>Kurkokauden cup-pisteet on jaettu seuraavasti:<\/p>\n<p><a href=\"http:\/\/jesh.fi\/2013\/kurko\/cuptulokset.html\">Cup-pisteet<\/a><\/p>\n<p>Kauden ensimm\u00e4iseen KurkoCup-rientoon eli AM-kisoihin osallistuneille on jaettu pisteit\u00e4 kilometrivauhdin mukaan. Listaa on sik\u00e4li muokattu, ett\u00e4 AM cup-pisteiss\u00e4 on huomioitu he ja vain he jotka k\u00e4viv\u00e4t t\u00e4n\u00e4 vuonna kurkoilemassa (gubbeilemassa, jne). Kotisohvalle kisoissa tai my\u00f6hemmin syksyll\u00e4 j\u00e4\u00e4neet j\u00e4iv\u00e4t ilman pisteit\u00e4!<\/p>\n<p>AM-pisteiden likim\u00e4\u00e4r\u00e4ist\u00e4 kilometrivauhtiakin antavia tuloksia l\u00f6ytyy seuraavien linkkien takaa:<\/p>\n<p><a href=\"http:\/\/jesh.fi\/2013\/kurko\/kurko1mod.csv.txt\">AM-tulokset hieman v\u00e4\u00e4nneltyn\u00e4<\/a><\/p>\n<p><a href=\"http:\/\/jesh.fi\/2013\/kurko\/kurko1.txt\">AM-tulokset Kurkosarjoittain<\/a><\/p>\n","protected":false},"excerpt":{"rendered":"<p>KurkoCup 2013 Korjauspyynn\u00f6t ja palaute osoitteeseen tuomo.kohvakka (auts) iki.fi Kurkokauden cup-pisteet on jaettu seuraavasti: Cup-pisteet Kauden ensimm\u00e4iseen KurkoCup-rientoon eli AM-kisoihin osallistuneille on jaettu pisteit\u00e4 kilometrivauhdin mukaan. Listaa on sik\u00e4li muokattu, ett\u00e4 AM cup-pisteiss\u00e4 on huomioitu he ja vain he jotka k\u00e4viv\u00e4t t\u00e4n\u00e4 vuonna kurkoilemassa (gubbeilemassa, jne). Kotisohvalle kisoissa tai my\u00f6hemmin syksyll\u00e4 j\u00e4\u00e4neet j\u00e4iv\u00e4t ilman pisteit\u00e4! [&hellip;]<\/p>\n","protected":false},"author":36,"featured_media":0,"parent":0,"menu_order":0,"comment_status":"open","ping_status":"open","template":"","meta":{"_monsterinsights_skip_tracking":false,"_monsterinsights_sitenote_active":false,"_monsterinsights_sitenote_note":"","_monsterinsights_sitenote_category":0,"footnotes":""},"class_list":["post-20","page","type-page","status-publish","hentry"],"_links":{"self":[{"href":"https:\/\/www.vaajakoskentera.com\/kurkocup13\/wp-json\/wp\/v2\/pages\/20","targetHints":{"allow":["GET"]}}],"collection":[{"href":"https:\/\/www.vaajakoskentera.com\/kurkocup13\/wp-json\/wp\/v2\/pages"}],"about":[{"href":"https:\/\/www.vaajakoskentera.com\/kurkocup13\/wp-json\/wp\/v2\/types\/page"}],"author":[{"embeddable":true,"href":"https:\/\/www.vaajakoskentera.com\/kurkocup13\/wp-json\/wp\/v2\/users\/36"}],"replies":[{"embeddable":true,"href":"https:\/\/www.vaajakoskentera.com\/kurkocup13\/wp-json\/wp\/v2\/comments?post=20"}],"version-history":[{"count":10,"href":"https:\/\/www.vaajakoskentera.com\/kurkocup13\/wp-json\/wp\/v2\/pages\/20\/revisions"}],"predecessor-version":[{"id":844,"href":"https:\/\/www.vaajakoskentera.com\/kurkocup13\/wp-json\/wp\/v2\/pages\/20\/revisions\/844"}],"wp:attachment":[{"href":"https:\/\/www.vaajakoskentera.com\/kurkocup13\/wp-json\/wp\/v2\/media?parent=20"}],"curies":[{"name":"wp","href":"https:\/\/api.w.org\/{rel}","templated":true}]}}