{"id":18,"date":"2013-09-17T22:38:32","date_gmt":"2013-09-17T19:38:32","guid":{"rendered":"http:\/\/www.vaajakoskentera.com\/kurkocup13\/?page_id=18"},"modified":"2013-10-03T19:05:59","modified_gmt":"2013-10-03T16:05:59","slug":"kurko-ohjeet","status":"publish","type":"page","link":"https:\/\/www.vaajakoskentera.com\/kurkocup13\/kurko-ohjeet\/","title":{"rendered":"Kurko-ohjeet"},"content":{"rendered":"<p><b>Kilpailuohjeet:<\/b><\/p>\n<p>Kurkocup on Rasti E4:n, JRV:n, Suunta Jyv\u00e4skyl\u00e4n ja Vaajakosken Ter\u00e4n j\u00e4rjest\u00e4m\u00e4 y\u00f6suunnistusaiheinen kilpailujen sarja, jonka kurkokilpailut j\u00e4rjestet\u00e4\u00e4n p\u00e4\u00e4osin pime\u00e4ss\u00e4 mets\u00e4ss\u00e4.<\/p>\n<p><b>Sarjat ja radat:<\/b><\/p>\n<p>Vaikea ja pitk\u00e4hk\u00f6 kurkotason rata (ohjeellisesti noin 6 km tai enemm\u00e4n ratamestarista riippuen):<br \/>\n&#8211; <b>Kurkot<\/b>: y\u00f6suunnistuksen todelliset hallitsijat<\/p>\n<p>Vaikea kurkotasoa lyhyempi rata (ohjeellisesti noin 4 km ratamestarista riippuen):<br \/>\n&#8211; <b>Kurkottaret<\/b>: y\u00f6suunnistuksen todelliset hallitsijattaret<br \/>\n&#8211; <b>Gubet<\/b>: yli 40-vuotiaat lahkeen lerpattajat tai muutoin kaltaistensa joukkoon kuuluvat<br \/>\n&#8211; <b>Nassikat<\/b>: alle 18-vuotiaat tulevat y\u00f6suunnistuksen hallitsijat<\/p>\n<p>Helppo y\u00f6suunnistusta aloittelevien rata (ohjeellisesti noin 3 km ratamestarista riippuen):<br \/>\n&#8211; <b>Y\u00f6n prinssit ja prinsessat<\/b>: Helppo El\u00e4m\u00e4 -sarja aloittelijoille<\/p>\n<p><b>L\u00e4hd\u00f6t:<\/b><\/p>\n<p>Tapahtuvat osin yhteisl\u00e4hd\u00f6ll\u00e4 ja osin v\u00e4liaikal\u00e4hd\u00f6ill\u00e4 ilmoitettuina aikoina. Ole ajoissa paikalla ettet j\u00e4\u00e4 Kurkojunasta. Varsinkin ensimm\u00e4iseen osakilpailuun on syyt\u00e4 saapua hyviss\u00e4 ajoin, sill\u00e4 kurkokorttien rahastus vie tunnetusti aikaa.<\/p>\n<p><b>Matkat ja maksimiaika:<\/b><\/p>\n<p>Kurkoilumatka on maastokohtainen 30-60min, joskus toki on pidempi\u00e4kin kurkoiluja n\u00e4hty&#8230; Eli kilometreiss\u00e4 4-7km. Jos maasto on lumen valtaama yli 5-10cm korkeudelta, niin silloin jotkut ratamestarit suosivat runsaspolkuisia ja mahdollisimman turvallisen kurkoilun mahdollistavia kulku-uria. Erilaisia teemoja voi olla t\u00e4n\u00e4kin vuonna tarjolla&#8230;<\/p>\n<p>On kovin toivottavaa, ett\u00e4 2 tunnin maksimiaikaa noudatetaan j\u00e4rjest\u00e4jien riitt\u00e4vien y\u00f6unien turvaamiseksi \u2013 jos siis kahden tunnin raja l\u00e4hestyy, niin ota suunta kohti maalia ja kokeile seuraavalla kerralla uudestaan paremmalla onnella. Ja muistakaa ilmoittautua maalissa kaikissa tilanteissa! Vain n\u00e4in j\u00e4rjest\u00e4j\u00e4t voivat varmistua siit\u00e4, ett\u00e4 kaikki ovat tulleet turvallisesti pois mets\u00e4st\u00e4.<\/p>\n<p><b>Rastit ja leimaus:<\/b><\/p>\n<p>EMIT-leimaus, SI-tikut voi j\u00e4tt\u00e4\u00e4 kotiin. Kilpailijoiden on t\u00e4ten huolehdittava oma EMIT-kortti mukaan kilpailuun. Rastit on merkitty maastoon p\u00e4\u00e4s\u00e4\u00e4nt\u00f6isesti heijastimella ja EMIT-leimasimella tai vastaavalla.<\/p>\n<p><b>Toiminta kilpailupaikalla:<\/b><\/p>\n<p>1) Lueta korttisi sis\u00e4\u00e4n eli ilmoittaudu tietokonehenkil\u00f6lle. T\u00e4st\u00e4 tiedet\u00e4\u00e4n ketk\u00e4 j\u00e4\u00e4v\u00e4t mets\u00e4\u00e4n ja voidaan ryhty\u00e4 etsint\u00e4t\u00f6ihin.<br \/>\n2) Nollaa korttisi ennen l\u00e4ht\u00f6\u00e4. Ja muista tehd\u00e4 n\u00e4m\u00e4 osat 1 ja 2 t\u00e4ss\u00e4 j\u00e4rjestyksess\u00e4.<br \/>\n3) K\u00e4y oikeilla rasteilla kurkoilun aikana. Muista ett\u00e4 jury on armoton, v\u00e4\u00e4rill\u00e4 rasteilla k\u00e4yneet hyl\u00e4t\u00e4\u00e4n kurkovarmasti.<br \/>\n4) Maalileimauksen j\u00e4lkeen pura korttisi tietokoneelle (250-leimasin).<br \/>\n5) Ihastele miten alistit kavereita kurkoilussa!<\/p>\n<p><b>Kartat:<\/b><\/p>\n<p>Kartat ovat eri normein (mittakaavat 1:2000-20 000) tehtyj\u00e4, erilaisten kartoittajien henkil\u00f6kohtaisia n\u00e4kemyksi\u00e4 maastosta (taideteoksia) ja kartoissa on valmiina ratapainatus ja joskus jopa rastim\u00e4\u00e4ritteet.<br \/>\nKartat ovat A4-kokoisia tulosteita ilman suojamuoveja, ellei kisakohtaisessa ennakossa jotakin toisin mainita<\/p>\n<p><b>Opastus:<\/b><\/p>\n<p>Lue aina Kurkosivuilla julkaistavat osakilpailukohtaiset ennakkotiedot ja ohjeet.<br \/>\nOpastus kurkoilupaikoille l\u00f6ytyy osakilpailuluettelon linkeist\u00e4, kunhan ne ehdit\u00e4\u00e4n sinne upottaa. Tienvarsiopasteita ei juurikaan ole. Jos et osaa omin avuin kilpailupaikalle, et p\u00e4\u00e4se mets\u00e4\u00e4n! Eksymisist\u00e4 on my\u00f6s turha valittaa sosiaalisissa meedioissa tahi tiedotusv\u00e4lineiss\u00e4.<\/p>\n<p><b>Maksut:<\/b><\/p>\n<p>AM-Kurkoon (AM-sarjoihin) ilmoittautumiset ja maksut IRMAn kautta. My\u00f6s paikanp\u00e4\u00e4ll\u00e4 voi ilmoittautua &#8221;AM-kuntosarjaan&#8221;, jonka osallistumismaksu on 8 EUR.<br \/>\nMA-Kurko ei sis\u00e4llly Kurkokorttiin! Kurkopisteisiin lasketaan suoritukset kaikissa sarjoissa mukaanlukien AM-kuntosarja.<\/p>\n<p>Muut osakilpailut: Kurkokilpailukohtainen 6 euroa\/kerta, alle 16-vuotiaat ilmaiseksi. Myynniss\u00e4 on my\u00f6s pahasti addiktoituneille kurkokorttia tasahintaan 50 \u00ac, joka sis\u00e4lt\u00e4\u00e4 kaikkien loppujen yhdentoista kurkoilukerran osanottomaksut. Joitakin hajanaisia kurkokortteja saatetaan my\u00f6s jaella ep\u00e4m\u00e4\u00e4r\u00e4isin ei valoa kest\u00e4vin perustein.<\/p>\n<p><b>Pistelaskusysteemi:<\/b><\/p>\n<p>Kurkokilpailuvoitosta saa 25 pistett\u00e4, toisesta sijasta 22 ja kolmannesta sijasta 20. T\u00e4m\u00e4n j\u00e4lkeen 19,18,17 jne. Jokainen radan l\u00e4p\u00e4issyt saa kuitenkin 1 pisteen ja pelk\u00e4st\u00e4 matkaan uskaltautumisestakin puolikkaan. Yhteispisteisiin lasketaan kahdeksan parhaan kilpailun pisteet eli kahden sadan pisteen j\u00e4lkeen ei ole pakko osallistua.<\/p>\n<p>AM-kurkosta pisteet lasketaan perustuen kilometrivauhteihin. Kaikki sarjat ovat tasa-arvoisia ja pisteet lasketaan sen mukaan, mihin Kurko-sarjaan osallistut seuraavissa sarjan osakilpailussa.<\/p>\n<p>Yhteispisteiss\u00e4 tasapelin kohdatessa se joka oli finaalissa parempi voittaa. Jos n\u00e4ink\u00e4\u00e4n ei saada selvyytt\u00e4 verrataan voittoja, kakkostiloja, kolmostiloja jne., niin pitk\u00e4lle, ett\u00e4 voittaja saadaan selville.<\/p>\n<p><b>Cupin organisaattorit 2013:<\/b><\/p>\n<p>Timo Reiman<\/p>\n<p>Vesa Klemettinen<\/p>\n","protected":false},"excerpt":{"rendered":"<p>Kilpailuohjeet: Kurkocup on Rasti E4:n, JRV:n, Suunta Jyv\u00e4skyl\u00e4n ja Vaajakosken Ter\u00e4n j\u00e4rjest\u00e4m\u00e4 y\u00f6suunnistusaiheinen kilpailujen sarja, jonka kurkokilpailut j\u00e4rjestet\u00e4\u00e4n p\u00e4\u00e4osin pime\u00e4ss\u00e4 mets\u00e4ss\u00e4. Sarjat ja radat: Vaikea ja pitk\u00e4hk\u00f6 kurkotason rata (ohjeellisesti noin 6 km tai enemm\u00e4n ratamestarista riippuen): &#8211; Kurkot: y\u00f6suunnistuksen todelliset hallitsijat Vaikea kurkotasoa lyhyempi rata (ohjeellisesti noin 4 km ratamestarista riippuen): &#8211; Kurkottaret: y\u00f6suunnistuksen [&hellip;]<\/p>\n","protected":false},"author":36,"featured_media":0,"parent":0,"menu_order":0,"comment_status":"open","ping_status":"open","template":"","meta":{"_monsterinsights_skip_tracking":false,"_monsterinsights_sitenote_active":false,"_monsterinsights_sitenote_note":"","_monsterinsights_sitenote_category":0,"footnotes":""},"class_list":["post-18","page","type-page","status-publish","hentry"],"_links":{"self":[{"href":"https:\/\/www.vaajakoskentera.com\/kurkocup13\/wp-json\/wp\/v2\/pages\/18","targetHints":{"allow":["GET"]}}],"collection":[{"href":"https:\/\/www.vaajakoskentera.com\/kurkocup13\/wp-json\/wp\/v2\/pages"}],"about":[{"href":"https:\/\/www.vaajakoskentera.com\/kurkocup13\/wp-json\/wp\/v2\/types\/page"}],"author":[{"embeddable":true,"href":"https:\/\/www.vaajakoskentera.com\/kurkocup13\/wp-json\/wp\/v2\/users\/36"}],"replies":[{"embeddable":true,"href":"https:\/\/www.vaajakoskentera.com\/kurkocup13\/wp-json\/wp\/v2\/comments?post=18"}],"version-history":[{"count":8,"href":"https:\/\/www.vaajakoskentera.com\/kurkocup13\/wp-json\/wp\/v2\/pages\/18\/revisions"}],"predecessor-version":[{"id":212,"href":"https:\/\/www.vaajakoskentera.com\/kurkocup13\/wp-json\/wp\/v2\/pages\/18\/revisions\/212"}],"wp:attachment":[{"href":"https:\/\/www.vaajakoskentera.com\/kurkocup13\/wp-json\/wp\/v2\/media?parent=18"}],"curies":[{"name":"wp","href":"https:\/\/api.w.org\/{rel}","templated":true}]}}