{"id":134,"date":"2013-10-01T20:49:03","date_gmt":"2013-10-01T17:49:03","guid":{"rendered":"http:\/\/www.vaajakoskentera.com\/kurkocup13\/?page_id=134"},"modified":"2013-12-12T21:29:13","modified_gmt":"2013-12-12T19:29:13","slug":"tulokset","status":"publish","type":"page","link":"https:\/\/www.vaajakoskentera.com\/kurkocup13\/tulokset\/","title":{"rendered":"Tulokset ja kartat"},"content":{"rendered":"<p>&nbsp;<\/p>\n<p>&nbsp;<\/p>\n<p style=\"font-family: courier\">1. AM-Kurko, <a title=\"tulokset\" href=\"http:\/\/www.vaajakoskentera.com\/kurkotuloksia\/2013\/tulokset-amkurko.html\" target=\"_blank\">tulokset<\/a>, <a title=\"V\u00e4liajat\" href=\"http:\/\/www.vaajakoskentera.com\/kurkotuloksia\/2013\/valiajat-amkurko.html\" target=\"_blank\">v\u00e4liajat<\/a>, K<a href=\"http:\/\/vaajakoskentera.com\/kurkocup13\/wp-content\/uploads\/sites\/5\/2013\/09\/amkurkoH21.jpg\"><img loading=\"lazy\" decoding=\"async\" class=\"alignnone size-full wp-image-306\" alt=\"Kartta\" src=\"http:\/\/vaajakoskentera.com\/kurkocup13\/wp-content\/uploads\/sites\/5\/2013\/10\/Kartta.png\" width=\"16\" height=\"16\" \/><\/a>,G<a href=\"http:\/\/vaajakoskentera.com\/kurkocup13\/wp-content\/uploads\/sites\/5\/2013\/09\/amkurkoD21.jpg\"><img loading=\"lazy\" decoding=\"async\" class=\"alignnone size-full wp-image-306\" alt=\"Kartta\" src=\"http:\/\/vaajakoskentera.com\/kurkocup13\/wp-content\/uploads\/sites\/5\/2013\/10\/Kartta.png\" width=\"16\" height=\"16\" \/><\/a><br \/>\n2. Ter\u00e4s-Kurko, <a title=\"Tulokset radoittain\" href=\"http:\/\/www.vaajakoskentera.com\/kurkotuloksia\/2013\/20131002_tulos_radoittain.html\" target=\"_blank\">ratatul.<\/a>, <a title=\"V\u00e4liajat radoittain\" href=\"http:\/\/www.vaajakoskentera.com\/kurkotuloksia\/2013\/20131002_valiajat_radoittain.html\" target=\"_blank\">v\u00e4liajat<\/a>, <a title=\"Kokonaistulokset\" href=\"http:\/\/www.vaajakoskentera.com\/kurkotuloksia\/2013\/20131002_tulos_sarjoittain.html\" target=\"_blank\">tulokset<\/a>, K<a href=\"http:\/\/vaajakoskentera.com\/kurkocup13\/wp-content\/uploads\/sites\/5\/2013\/10\/20031002_Kurko_kartta.jpg\"><img loading=\"lazy\" decoding=\"async\" class=\"alignnone size-full wp-image-306\" alt=\"Kartta\" src=\"http:\/\/vaajakoskentera.com\/kurkocup13\/wp-content\/uploads\/sites\/5\/2013\/10\/Kartta.png\" width=\"16\" height=\"16\" \/><\/a>,G<a href=\"http:\/\/vaajakoskentera.com\/kurkocup13\/wp-content\/uploads\/sites\/5\/2013\/10\/20031002_Gubbe_kartta.jpg\"><img loading=\"lazy\" decoding=\"async\" class=\"alignnone size-full wp-image-306\" alt=\"Kartta\" src=\"http:\/\/vaajakoskentera.com\/kurkocup13\/wp-content\/uploads\/sites\/5\/2013\/10\/Kartta.png\" width=\"16\" height=\"16\" \/><\/a>,H<a href=\"http:\/\/vaajakoskentera.com\/kurkocup13\/wp-content\/uploads\/sites\/5\/2013\/10\/20031002_Helppo_kartta.jpg\"><img loading=\"lazy\" decoding=\"async\" class=\"alignnone size-full wp-image-306\" alt=\"Kartta\" src=\"http:\/\/vaajakoskentera.com\/kurkocup13\/wp-content\/uploads\/sites\/5\/2013\/10\/Kartta.png\" width=\"16\" height=\"16\" \/><\/a><br \/>\n3. Ruotu-Kurko, <a href=\"http:\/\/www.vaajakoskentera.com\/kurkotuloksia\/2013\/20131009_Ruotukurko_ratatulokset.html\" target=\"_blank\">ratatul.<\/a>, <a href=\"http:\/\/www.vaajakoskentera.com\/kurkotuloksia\/2013\/20131009_Ruotukurko_valiajat.html\" target=\"_blank\">v\u00e4liajat<\/a>, <a href=\"http:\/\/www.vaajakoskentera.com\/kurkotuloksia\/2013\/20131009_Ruotukurko_kokonaistulokset.html\" target=\"_blank\">tulokset<\/a>, K<a href=\"http:\/\/vaajakoskentera.com\/kurkocup13\/wp-content\/uploads\/sites\/5\/2013\/10\/Ruotukurko_kurkohajonta.pdf\" target=\"_blank\"><img loading=\"lazy\" decoding=\"async\" class=\"alignnone size-full wp-image-306\" alt=\"Kartta\" src=\"http:\/\/vaajakoskentera.com\/kurkocup13\/wp-content\/uploads\/sites\/5\/2013\/10\/Kartta.png\" width=\"16\" height=\"16\" \/><\/a>,G<a href=\"http:\/\/vaajakoskentera.com\/kurkocup13\/wp-content\/uploads\/sites\/5\/2013\/10\/Ruotukurko_gubbehajonta.pdf\" target=\"_blank\"><img loading=\"lazy\" decoding=\"async\" class=\"alignnone size-full wp-image-306\" alt=\"Kartta\" src=\"http:\/\/vaajakoskentera.com\/kurkocup13\/wp-content\/uploads\/sites\/5\/2013\/10\/Kartta.png\" width=\"16\" height=\"16\" \/><\/a>,H<a href=\"http:\/\/vaajakoskentera.com\/kurkocup13\/wp-content\/uploads\/sites\/5\/2013\/10\/Helppo_elama.pdf\"><img loading=\"lazy\" decoding=\"async\" class=\"alignnone size-full wp-image-306\" alt=\"Kartta\" src=\"http:\/\/vaajakoskentera.com\/kurkocup13\/wp-content\/uploads\/sites\/5\/2013\/10\/Kartta.png\" width=\"16\" height=\"16\" \/><\/a><br \/>\n4. PeTo-Kurko, <a title=\"Tulokset radoittain\" href=\"http:\/\/www.vaajakoskentera.com\/kurkotuloksia\/2013\/20131016_ratatulokset_rev1.html\" target=\"_blank\">ratatul.<\/a>, <a title=\"V\u00e4liajat radoittain\" href=\"http:\/\/www.vaajakoskentera.com\/kurkotuloksia\/2013\/20131016_valiajat_rev1.html\" target=\"_blank\">v\u00e4liajat<\/a>, <a title=\"Kokonaistulokset\" href=\"http:\/\/www.vaajakoskentera.com\/kurkotuloksia\/2013\/20131016_kokonaistulokset_rev1.html\" target=\"_blank\">tulokset<\/a>, K<a href=\"http:\/\/vaajakoskentera.com\/kurkocup13\/wp-content\/uploads\/sites\/5\/2013\/10\/20131016_Kurkokartta.jpg\"><img loading=\"lazy\" decoding=\"async\" class=\"alignnone size-full wp-image-306\" alt=\"Kartta\" src=\"http:\/\/vaajakoskentera.com\/kurkocup13\/wp-content\/uploads\/sites\/5\/2013\/10\/Kartta.png\" width=\"16\" height=\"16\" \/><\/a>,G<a href=\"http:\/\/vaajakoskentera.com\/kurkocup13\/wp-content\/uploads\/sites\/5\/2013\/10\/20131016_Gubbekartta.jpg\"><img loading=\"lazy\" decoding=\"async\" class=\"alignnone size-full wp-image-306\" alt=\"Kartta\" src=\"http:\/\/vaajakoskentera.com\/kurkocup13\/wp-content\/uploads\/sites\/5\/2013\/10\/Kartta.png\" width=\"16\" height=\"16\" \/><\/a>,H<a href=\"http:\/\/vaajakoskentera.com\/kurkocup13\/wp-content\/uploads\/sites\/5\/2013\/10\/20131016_Helppoelama.jpg\"><img loading=\"lazy\" decoding=\"async\" class=\"alignnone size-full wp-image-306\" alt=\"Kartta\" src=\"http:\/\/vaajakoskentera.com\/kurkocup13\/wp-content\/uploads\/sites\/5\/2013\/10\/Kartta.png\" width=\"16\" height=\"16\" \/><\/a><br \/>\n5. Hirvas-Kurko, <a title=\"V\u00e4liajat radoittain\" href=\"http:\/\/www.vaajakoskentera.com\/kurkotuloksia\/2013\/20131023_hirvaskurko13va.htm\" target=\"_blank\">v\u00e4liajat<\/a>, <a title=\"Kokonaistulokset\" href=\"http:\/\/www.vaajakoskentera.com\/kurkotuloksia\/2013\/20131023_hirvaskurko13.htm\" target=\"_blank\">tulokset<\/a>, K<a href=\"http:\/\/vaajakoskentera.com\/kurkocup13\/wp-content\/uploads\/sites\/5\/2013\/10\/20131023_Kurko_AAAA.jpg\"><img loading=\"lazy\" decoding=\"async\" class=\"alignnone size-full wp-image-306\" alt=\"Kartta\" src=\"http:\/\/vaajakoskentera.com\/kurkocup13\/wp-content\/uploads\/sites\/5\/2013\/10\/Kartta.png\" width=\"16\" height=\"16\" \/><\/a>,G<a href=\"http:\/\/vaajakoskentera.com\/kurkocup13\/wp-content\/uploads\/sites\/5\/2013\/10\/20131023_Gubbe_AA.jpg\"><img loading=\"lazy\" decoding=\"async\" class=\"alignnone size-full wp-image-306\" alt=\"Kartta\" src=\"http:\/\/vaajakoskentera.com\/kurkocup13\/wp-content\/uploads\/sites\/5\/2013\/10\/Kartta.png\" width=\"16\" height=\"16\" \/><\/a>,H<a href=\"http:\/\/vaajakoskentera.com\/kurkocup13\/wp-content\/uploads\/sites\/5\/2013\/10\/20131023_Helppo_Elama.jpg\"><img loading=\"lazy\" decoding=\"async\" class=\"alignnone size-full wp-image-306\" alt=\"Kartta\" src=\"http:\/\/vaajakoskentera.com\/kurkocup13\/wp-content\/uploads\/sites\/5\/2013\/10\/Kartta.png\" width=\"16\" height=\"16\" \/><\/a><br \/>\n6. Ponu-Kurko,\u00a0<a title=\"Tulokset radoittain\" href=\"http:\/\/www.vaajakoskentera.com\/kurkotuloksia\/2013\/20131030_ratatulokset.html\" target=\"_blank\">ratatul.<\/a>,\u00a0<a title=\"V\u00e4liajat radoittain\" href=\"http:\/\/www.vaajakoskentera.com\/kurkotuloksia\/2013\/20131030_ratavaliajat.html\" target=\"_blank\">v\u00e4liajat<\/a>, <a title=\"Kokonaistulokset\" href=\"http:\/\/www.vaajakoskentera.com\/kurkotuloksia\/2013\/20131030_kurkotulokset.html\" target=\"_blank\">tulokset<\/a>, K<a href=\"http:\/\/vaajakoskentera.com\/kurkocup13\/wp-content\/uploads\/sites\/5\/2013\/10\/20131030_ponukurko_kurko.jpg\"><img loading=\"lazy\" decoding=\"async\" class=\"alignnone size-full wp-image-306\" alt=\"Kartta\" src=\"http:\/\/vaajakoskentera.com\/kurkocup13\/wp-content\/uploads\/sites\/5\/2013\/10\/Kartta.png\" width=\"16\" height=\"16\" \/><\/a>,G<a href=\"http:\/\/vaajakoskentera.com\/kurkocup13\/wp-content\/uploads\/sites\/5\/2013\/10\/20131030_ponukurko_gubbe.jpg\"><img loading=\"lazy\" decoding=\"async\" class=\"alignnone size-full wp-image-306\" alt=\"Kartta\" src=\"http:\/\/vaajakoskentera.com\/kurkocup13\/wp-content\/uploads\/sites\/5\/2013\/10\/Kartta.png\" width=\"16\" height=\"16\" \/><\/a>,H<a href=\"http:\/\/vaajakoskentera.com\/kurkocup13\/wp-content\/uploads\/sites\/5\/2013\/10\/20131030_ponukurko_helppo.jpg\"><img loading=\"lazy\" decoding=\"async\" class=\"alignnone size-full wp-image-306\" alt=\"Kartta\" src=\"http:\/\/vaajakoskentera.com\/kurkocup13\/wp-content\/uploads\/sites\/5\/2013\/10\/Kartta.png\" width=\"16\" height=\"16\" \/><\/a><br \/>\n7. V\u00e4lly-Kurko, <a title=\"Tulokset radoittain\" href=\"http:\/\/www.vaajakoskentera.com\/kurkotuloksia\/2013\/20131106_ratatulokset.html\" target=\"_blank\">ratatul.<\/a>, <a title=\"V\u00e4liajat radoittain\" href=\"http:\/\/www.vaajakoskentera.com\/kurkotuloksia\/2013\/20131106_ratavaliajat.html\" target=\"_blank\">v\u00e4liajat<\/a>, <a title=\"Kokonaistulokset\" href=\"http:\/\/www.vaajakoskentera.com\/kurkotuloksia\/2013\/20131106_kurkotulokset.html\" target=\"_blank\">tulokset<\/a>, K<a href=\"http:\/\/vaajakoskentera.com\/kurkocup13\/wp-content\/uploads\/sites\/5\/2013\/11\/VallyKurkoHajonnat.pdf\"><img loading=\"lazy\" decoding=\"async\" class=\"alignnone size-full wp-image-306\" alt=\"Kartta\" src=\"http:\/\/vaajakoskentera.com\/kurkocup13\/wp-content\/uploads\/sites\/5\/2013\/10\/Kartta.png\" width=\"16\" height=\"16\" \/><\/a>,G<a href=\"http:\/\/vaajakoskentera.com\/kurkocup13\/wp-content\/uploads\/sites\/5\/2013\/11\/VallyGubbeHajonnat.pdf\"><img loading=\"lazy\" decoding=\"async\" class=\"alignnone size-full wp-image-306\" alt=\"Kartta\" src=\"http:\/\/vaajakoskentera.com\/kurkocup13\/wp-content\/uploads\/sites\/5\/2013\/10\/Kartta.png\" width=\"16\" height=\"16\" \/><\/a>,H<a href=\"http:\/\/vaajakoskentera.com\/kurkocup13\/wp-content\/uploads\/sites\/5\/2013\/11\/VallyHelppoElama.pdf\"><img loading=\"lazy\" decoding=\"async\" class=\"alignnone size-full wp-image-306\" alt=\"Kartta\" src=\"http:\/\/vaajakoskentera.com\/kurkocup13\/wp-content\/uploads\/sites\/5\/2013\/10\/Kartta.png\" width=\"16\" height=\"16\" \/><\/a><br \/>\n8. ISO-Kurko,\u00a0<a title=\"Ratatulokset\" href=\"http:\/\/www.vaajakoskentera.com\/kurkotuloksia\/2013\/20131113_Tulokset_radoittain.html\" target=\"_blank\">ratatul.<\/a>,\u00a0<a title=\"V\u00e4liajat\" href=\"http:\/\/www.vaajakoskentera.com\/kurkotuloksia\/2013\/20131113_Valiajat_radoittain.html\" target=\"_blank\">v\u00e4liajat<\/a>,\u00a0<a href=\"http:\/\/www.vaajakoskentera.com\/kurkotuloksia\/2013\/20131113_Kokonaistulokset.html\" target=\"_blank\">tulokset<\/a>, K<a href=\"http:\/\/vaajakoskentera.com\/kurkocup13\/wp-content\/uploads\/sites\/5\/2013\/11\/ISO-Kurkohajonta_rev1.jpg\"><img loading=\"lazy\" decoding=\"async\" class=\"alignnone size-full wp-image-306\" alt=\"Kartta\" src=\"http:\/\/vaajakoskentera.com\/kurkocup13\/wp-content\/uploads\/sites\/5\/2013\/10\/Kartta.png\" width=\"16\" height=\"16\" \/><\/a>,G<a href=\"http:\/\/vaajakoskentera.com\/kurkocup13\/wp-content\/uploads\/sites\/5\/2013\/11\/ISO-Gubbehajonta_rev1.jpg\"><img loading=\"lazy\" decoding=\"async\" class=\"alignnone size-full wp-image-306\" alt=\"Kartta\" src=\"http:\/\/vaajakoskentera.com\/kurkocup13\/wp-content\/uploads\/sites\/5\/2013\/10\/Kartta.png\" width=\"16\" height=\"16\" \/><\/a>,H<a href=\"http:\/\/vaajakoskentera.com\/kurkocup13\/wp-content\/uploads\/sites\/5\/2013\/11\/ISO-Helppohajonta_rev1.jpg\"><img loading=\"lazy\" decoding=\"async\" class=\"alignnone size-full wp-image-306\" alt=\"Kartta\" src=\"http:\/\/vaajakoskentera.com\/kurkocup13\/wp-content\/uploads\/sites\/5\/2013\/10\/Kartta.png\" width=\"16\" height=\"16\" \/><\/a><br \/>\n9. Continental-Kurko, <a title=\"Ratatulokset\" href=\"http:\/\/www.vaajakoskentera.com\/kurkotuloksia\/2013\/20131120_Ratatulokset_rev1.html\" target=\"_blank\">ratatul.<\/a>, <a title=\"V\u00e4liajat\" href=\"http:\/\/www.vaajakoskentera.com\/kurkotuloksia\/2013\/20131120_Valiajat_rev1.html\" target=\"_blank\">v\u00e4liajat<\/a>, <a href=\"http:\/\/www.vaajakoskentera.com\/kurkotuloksia\/2013\/20131120_Kokonaistulokset_rev1.html\" target=\"_blank\">tulokset<\/a>, K<a href=\"http:\/\/vaajakoskentera.com\/kurkocup13\/wp-content\/uploads\/sites\/5\/2013\/11\/Continental_Kurko.pdf\"><img loading=\"lazy\" decoding=\"async\" class=\"alignnone size-full wp-image-306\" alt=\"Kartta\" src=\"http:\/\/vaajakoskentera.com\/kurkocup13\/wp-content\/uploads\/sites\/5\/2013\/10\/Kartta.png\" width=\"16\" height=\"16\" \/><\/a>,G<a href=\"http:\/\/vaajakoskentera.com\/kurkocup13\/wp-content\/uploads\/sites\/5\/2013\/11\/Continental_Gubbe.pdf\"><img loading=\"lazy\" decoding=\"async\" class=\"alignnone size-full wp-image-306\" alt=\"Kartta\" src=\"http:\/\/vaajakoskentera.com\/kurkocup13\/wp-content\/uploads\/sites\/5\/2013\/10\/Kartta.png\" width=\"16\" height=\"16\" \/><\/a>,H<a href=\"http:\/\/vaajakoskentera.com\/kurkocup13\/wp-content\/uploads\/sites\/5\/2013\/11\/Continental_HE.pdf\"><img loading=\"lazy\" decoding=\"async\" class=\"alignnone size-full wp-image-306\" alt=\"Kartta\" src=\"http:\/\/vaajakoskentera.com\/kurkocup13\/wp-content\/uploads\/sites\/5\/2013\/10\/Kartta.png\" width=\"16\" height=\"16\" \/><\/a><br \/>\n10. Ralli-Kurko, <a title=\"Ratatulokset\" href=\"http:\/\/www.vaajakoskentera.com\/kurkotuloksia\/2013\/20131127_Ratatulokset.html\" target=\"_blank\">ratatul.<\/a>, <a title=\"V\u00e4liajat\" href=\"http:\/\/www.vaajakoskentera.com\/kurkotuloksia\/2013\/20131127_Valiajat.html\" target=\"_blank\">v\u00e4liajat<\/a>, <a href=\"http:\/\/www.vaajakoskentera.com\/kurkotuloksia\/2013\/20131127_Kokonaistulokset.html\" target=\"_blank\">tulokset<\/a>, K<a href=\"http:\/\/vaajakoskentera.com\/kurkocup13\/wp-content\/uploads\/sites\/5\/2013\/11\/20131127_kurkohajonnat.pdf\"><img loading=\"lazy\" decoding=\"async\" class=\"alignnone size-full wp-image-306\" alt=\"Kartta\" src=\"http:\/\/vaajakoskentera.com\/kurkocup13\/wp-content\/uploads\/sites\/5\/2013\/10\/Kartta.png\" width=\"16\" height=\"16\" \/><\/a>,G<a href=\"http:\/\/vaajakoskentera.com\/kurkocup13\/wp-content\/uploads\/sites\/5\/2013\/11\/20131127_gubbehajonnat.pdf\"><img loading=\"lazy\" decoding=\"async\" class=\"alignnone size-full wp-image-306\" alt=\"Kartta\" src=\"http:\/\/vaajakoskentera.com\/kurkocup13\/wp-content\/uploads\/sites\/5\/2013\/10\/Kartta.png\" width=\"16\" height=\"16\" \/><\/a>,H<a href=\"http:\/\/vaajakoskentera.com\/kurkocup13\/wp-content\/uploads\/sites\/5\/2013\/11\/20131127_helppoelama.pdf\"><img loading=\"lazy\" decoding=\"async\" class=\"alignnone size-full wp-image-306\" alt=\"Kartta\" src=\"http:\/\/vaajakoskentera.com\/kurkocup13\/wp-content\/uploads\/sites\/5\/2013\/10\/Kartta.png\" width=\"16\" height=\"16\" \/><\/a><br \/>\n11. Jukolareply-Kurko, <a title=\"Ratatulokset\" href=\"http:\/\/www.vaajakoskentera.com\/kurkotuloksia\/2013\/20131204_ratatulokset.html\" target=\"_blank\">ratatul.<\/a>, <a title=\"V\u00e4liajat\" href=\"http:\/\/www.vaajakoskentera.com\/kurkotuloksia\/2013\/20131204_valiajat.html\" target=\"_blank\">v\u00e4liajat<\/a>, <a href=\"http:\/\/www.vaajakoskentera.com\/kurkotuloksia\/2013\/20131204_kokonaistulokset.html\" target=\"_blank\">tulokset<\/a>, K<a href=\"http:\/\/www.vaajakoskentera.com\/kurkocup13\/wp-content\/uploads\/sites\/5\/2013\/12\/20131204_Kurkot.jpg\"><img loading=\"lazy\" decoding=\"async\" class=\"alignnone size-full wp-image-306\" alt=\"Kartta\" src=\"http:\/\/vaajakoskentera.com\/kurkocup13\/wp-content\/uploads\/sites\/5\/2013\/10\/Kartta.png\" width=\"16\" height=\"16\" \/><\/a>,G<a href=\"http:\/\/www.vaajakoskentera.com\/kurkocup13\/wp-content\/uploads\/sites\/5\/2013\/12\/20131204_Gubet.jpg\"><img loading=\"lazy\" decoding=\"async\" class=\"alignnone size-full wp-image-306\" alt=\"Kartta\" src=\"http:\/\/vaajakoskentera.com\/kurkocup13\/wp-content\/uploads\/sites\/5\/2013\/10\/Kartta.png\" width=\"16\" height=\"16\" \/><\/a>,H<a href=\"http:\/\/www.vaajakoskentera.com\/kurkocup13\/wp-content\/uploads\/sites\/5\/2013\/12\/20131204_Helppoelama.jpg\"><img loading=\"lazy\" decoding=\"async\" class=\"alignnone size-full wp-image-306\" alt=\"Kartta\" src=\"http:\/\/vaajakoskentera.com\/kurkocup13\/wp-content\/uploads\/sites\/5\/2013\/10\/Kartta.png\" width=\"16\" height=\"16\" \/><\/a><br \/>\n12. Mylly-Kurko, <a href=\"http:\/\/www.vaajakoskentera.com\/kurkotuloksia\/2013\/20131211_ratatulokset_rev1.html\">v\u00e4liajat<\/a>, <a href=\"http:\/\/www.vaajakoskentera.com\/kurkotuloksia\/2013\/20131211_myllykurko_tulokset_rev1.html\">tulokset<\/a>,K<a href=\"http:\/\/www.vaajakoskentera.com\/kurkocup13\/wp-content\/uploads\/sites\/5\/2013\/12\/kurko10.png\" target=\"_blank\"><img loading=\"lazy\" decoding=\"async\" class=\"alignnone size-full wp-image-306\" alt=\"Kartta\" src=\"http:\/\/vaajakoskentera.com\/kurkocup13\/wp-content\/uploads\/sites\/5\/2013\/10\/Kartta.png\" width=\"16\" height=\"16\" \/><\/a>,G<a href=\"http:\/\/www.vaajakoskentera.com\/kurkocup13\/wp-content\/uploads\/sites\/5\/2013\/12\/gubbe10.png\" target=\"_blank\"><img loading=\"lazy\" decoding=\"async\" class=\"alignnone size-full wp-image-306\" alt=\"Kartta\" src=\"http:\/\/vaajakoskentera.com\/kurkocup13\/wp-content\/uploads\/sites\/5\/2013\/10\/Kartta.png\" width=\"16\" height=\"16\" \/><\/a>,H<a href=\"http:\/\/www.vaajakoskentera.com\/kurkocup13\/wp-content\/uploads\/sites\/5\/2013\/12\/h12.png\" target=\"_blank\"><img loading=\"lazy\" decoding=\"async\" class=\"alignnone size-full wp-image-306\" alt=\"Kartta\" src=\"http:\/\/vaajakoskentera.com\/kurkocup13\/wp-content\/uploads\/sites\/5\/2013\/10\/Kartta.png\" width=\"16\" height=\"16\" \/><\/a><\/p>\n","protected":false},"excerpt":{"rendered":"<p>&nbsp; &nbsp; 1. AM-Kurko, tulokset, v\u00e4liajat, K,G 2. Ter\u00e4s-Kurko, ratatul., v\u00e4liajat, tulokset, K,G,H 3. Ruotu-Kurko, ratatul., v\u00e4liajat, tulokset, K,G,H 4. PeTo-Kurko, ratatul., v\u00e4liajat, tulokset, K,G,H 5. Hirvas-Kurko, v\u00e4liajat, tulokset, K,G,H 6. Ponu-Kurko,\u00a0ratatul.,\u00a0v\u00e4liajat, tulokset, K,G,H 7. V\u00e4lly-Kurko, ratatul., v\u00e4liajat, tulokset, K,G,H 8. ISO-Kurko,\u00a0ratatul.,\u00a0v\u00e4liajat,\u00a0tulokset, K,G,H 9. Continental-Kurko, ratatul., v\u00e4liajat, tulokset, K,G,H 10. Ralli-Kurko, ratatul., v\u00e4liajat, tulokset, K,G,H [&hellip;]<\/p>\n","protected":false},"author":1,"featured_media":0,"parent":0,"menu_order":0,"comment_status":"open","ping_status":"open","template":"","meta":{"_monsterinsights_skip_tracking":false,"_monsterinsights_sitenote_active":false,"_monsterinsights_sitenote_note":"","_monsterinsights_sitenote_category":0,"footnotes":""},"class_list":["post-134","page","type-page","status-publish","hentry"],"_links":{"self":[{"href":"https:\/\/www.vaajakoskentera.com\/kurkocup13\/wp-json\/wp\/v2\/pages\/134","targetHints":{"allow":["GET"]}}],"collection":[{"href":"https:\/\/www.vaajakoskentera.com\/kurkocup13\/wp-json\/wp\/v2\/pages"}],"about":[{"href":"https:\/\/www.vaajakoskentera.com\/kurkocup13\/wp-json\/wp\/v2\/types\/page"}],"author":[{"embeddable":true,"href":"https:\/\/www.vaajakoskentera.com\/kurkocup13\/wp-json\/wp\/v2\/users\/1"}],"replies":[{"embeddable":true,"href":"https:\/\/www.vaajakoskentera.com\/kurkocup13\/wp-json\/wp\/v2\/comments?post=134"}],"version-history":[{"count":61,"href":"https:\/\/www.vaajakoskentera.com\/kurkocup13\/wp-json\/wp\/v2\/pages\/134\/revisions"}],"predecessor-version":[{"id":865,"href":"https:\/\/www.vaajakoskentera.com\/kurkocup13\/wp-json\/wp\/v2\/pages\/134\/revisions\/865"}],"wp:attachment":[{"href":"https:\/\/www.vaajakoskentera.com\/kurkocup13\/wp-json\/wp\/v2\/media?parent=134"}],"curies":[{"name":"wp","href":"https:\/\/api.w.org\/{rel}","templated":true}]}}